{"id":17732,"date":"2025-05-02T13:41:51","date_gmt":"2025-05-02T11:41:51","guid":{"rendered":"https:\/\/www.tcs-engineering.de\/faq-ev-high-voltage\/"},"modified":"2025-06-10T16:34:45","modified_gmt":"2025-06-10T14:34:45","slug":"faq-ev-high-voltage","status":"publish","type":"page","link":"https:\/\/www.tcs-engineering.de\/en\/faq-ev-high-voltage\/","title":{"rendered":"FAQ (ev) high voltage"},"content":{"rendered":"<div class=\"schema-faq wp-block-yoast-faq-block\">\n<div id=\"faq-question-1746186163958\" class=\"schema-faq-section\"><strong class=\"schema-faq-question\">FAQ Hochvolt Schulung<\/strong><\/p>\n<p class=\"schema-faq-answer\">Hier finden Sie die Frequently Asked Questions (FAQ) zu Hochvoltschulungen, insbesondere welche Stufen f\u00fcr wen nach der DGUV I 209-093 erforderlich sind.<\/p>\n<\/div>\n<div id=\"faq-question-1746185388451\" class=\"schema-faq-section\"><strong class=\"schema-faq-question\"><strong>Was ist eigentlich Hochvolt?<\/strong><\/strong><\/p>\n<p class=\"schema-faq-answer\">Hochvolt ist der f\u00fcr die Fahrzeugtechnik in der UNECE R 100 sowie ISO 6469-3 definierte Spannungsbereich. Dieser liegt oberhalb von 30 V Wechsel- und 60 V Gleichspannung. Die Obergrenze der Hochvoltspannung betr\u00e4gt 1000 V Wechsel- und 1500 V Gleichspannung.<\/p>\n<\/div>\n<div id=\"faq-question-1746185410334\" class=\"schema-faq-section\"><strong class=\"schema-faq-question\"><strong>Wer ben\u00f6tigt eine Hochvoltschulung?<\/strong><\/strong><\/p>\n<p class=\"schema-faq-answer\">Alle Mitarbeiter eines Unternehmens die mit Hochvolt zu tun haben. Dies betrifft auch die Arbeit an Hochvoltfahrzeugen wie BEV oder Hybridfahrzeugen welche nicht am Hochvoltsystem selbst stattfinden. Aber auch f\u00fcr Nichtelektrotechnische Arbeiten ist eine Grundqualifizierung erforderlich.<\/p>\n<\/div>\n<div id=\"faq-question-1746185431978\" class=\"schema-faq-section\"><strong class=\"schema-faq-question\"><strong>Ist es bei der Wahl der Hochvoltschulung relevant, an was f\u00fcr Elektrofahrzeugen ich arbeiten werden?<\/strong><\/strong><\/p>\n<p class=\"schema-faq-answer\">Nat\u00fcrlich sind jeweilige Besonderheiten zu ber\u00fccksichtigen. ausschlaggebender ist aber die Frage, ob Sie mit Serienfahrzeugen im Werkstattbereich\/Aftersale oder in Entwicklung und Produktion zu tun haben. F\u00fcr die Serienfahrzeuge im Werkstattbereich ben\u00f6tigen Sie eine Qualifizierung nach den sogenannten S-Stufen, f\u00fcr Qualifizierungen f\u00fcr Entwicklung und Produktion die sogenannten E-Stufen.<\/p>\n<\/div>\n<div id=\"faq-question-1746185516654\" class=\"schema-faq-section\"><strong class=\"schema-faq-question\"><strong>Welche Hochvoltschulung ben\u00f6tige ich f\u00fcr allgemeine Servicet\u00e4tigkeiten, Reifenwechsel oder Arbeiten am 12-V-Bordnetzsystem?<\/strong><\/strong><\/p>\n<p class=\"schema-faq-answer\">Hierf\u00fcr ist die Hochvoltqualifizierung nach Stufe 1S bzw. Stufe 1E erforderlich.<\/p>\n<\/div>\n<div id=\"faq-question-1746185530534\" class=\"schema-faq-section\"><strong class=\"schema-faq-question\"><strong>Welche Hochvoltschulung ben\u00f6tige ich f\u00fcr Arbeiten am Hochvoltsystem und an Hochvoltkomponenten?<\/strong><\/strong><\/p>\n<p class=\"schema-faq-answer\">Hierf\u00fcr ist stets eine Qualifizierung nach Stufe 2S bzw. 2E erforderlich. Mit dieser k\u00f6nnen Sie Arbeiten am Hochvoltsystem im freigeschalteten Zustand durchf\u00fchren. Dies schlie\u00dft das Freischalten und wieder in Betrieb nehmen mit ein. F\u00fcr Arbeiten unter Spannung reicht die Stufe 2 jedoch nicht aus.<\/p>\n<\/div>\n<div id=\"faq-question-1746185562419\" class=\"schema-faq-section\"><strong class=\"schema-faq-question\"><strong>Welche Hochvoltschulung ben\u00f6tige ich f\u00fcr Arbeiten an unter Spannung stehenden Teilen bzw. bei Gefahr diese zu ber\u00fchren?<\/strong><\/strong><\/p>\n<p class=\"schema-faq-answer\">Hierf\u00fcr ist zus\u00e4tzlich zur Stufe 2S bzw. Stufe 2E die Qualifizierung nach Stufe 3S bzw. 3E erforderlich. Es handelt sich hierbei um eine aufbauende Qualifizierung. Zus\u00e4tzlich sind prim\u00e4r organisatorische Voraussetzungen sowie die Nutzung einer PSA erforderlich.<\/p>\n<\/div>\n<div id=\"faq-question-1746185575787\" class=\"schema-faq-section\"><strong class=\"schema-faq-question\"><strong>Muss ich die Stufe 1S bzw. Stufe 1E absolvieren bevor ich die Stufe 2S bzw. Stufe 2E machen darf?<\/strong><\/strong><\/p>\n<p class=\"schema-faq-answer\">Nein, in die Stufe 2S bzw. Stufe 2E ist ein direkter Einstieg m\u00f6glich. Lediglich in die Stufe 3S bzw. 3E ist die vorangehende Stufe Voraussetzung.<\/p>\n<\/div>\n<div id=\"faq-question-1746185592882\" class=\"schema-faq-section\"><strong class=\"schema-faq-question\"><strong>Kann ich mit jeglicher Vorbildung die Qualifizierungen absolvieren?<\/strong><\/strong><\/p>\n<p class=\"schema-faq-answer\">F\u00fcr die Stufe 1S und Stufe 1E gibt es keine strengen Voraussetzungen. Allerdings gibt es f\u00fcr die Stufe 2S und 2E unterschiedliche Einstiege.<br \/>\nSo dauert eine HV-Schulung f\u00fcr die Stufe 2S bzw. 2E ohne elektrotechnische Vorkenntnisse zwei Wochen. Je h\u00f6her Ihre elektrotechnische Bildung ist umso geringer. F\u00fcr Elektrotechniker dauert etwa die Schulung nach 2S lediglich zwei Tage, bei der Schulung nach 2E drei Tage.<\/p>\n<\/div>\n<div id=\"faq-question-1746185620850\" class=\"schema-faq-section\"><strong class=\"schema-faq-question\"><strong>Brauchen auch Fahrer wie Busfahrer oder LKW-Fahrer von Elektrofahrzeugen eine Hochvoltschulung?<\/strong><\/strong><\/p>\n<p class=\"schema-faq-answer\">Bus- LKW- aber auch Taxifahrer etc. welche ein Hochvoltfahrzeug bewegen, ben\u00f6tigen eine Hochvoltunterweisung. Diese wird auch als Stufe S bezeichnet (ohne die &#8220;1&#8221; davor). Gerne helfen wir auch hierbei weiter. Einfach oben Rechts auf &#8220;Kontakt&#8221; klicken.<\/p>\n<\/div>\n<div id=\"faq-question-1746185734590\" class=\"schema-faq-section\"><strong class=\"schema-faq-question\"><strong>Was ist eine Fachkundige Person f\u00fcr Hochvoltsysteme (FHV)?<\/strong><\/strong><\/p>\n<p class=\"schema-faq-answer\">Eine FHV ist qualifiziert, eigenverantwortlich an Hochvoltsystemen zu arbeiten, insbesondere in Entwicklung, Produktion und Service.?<\/p>\n<\/div>\n<div id=\"faq-question-1746185754797\" class=\"schema-faq-section\"><strong class=\"schema-faq-question\"><strong>Welche Schulungsstufen gibt es im Hochvoltbereich und wie hei\u00dfen sie?<\/strong><\/strong><\/p>\n<p class=\"schema-faq-answer\">Die Schulungen gliedern sich prim\u00e4r in:<br \/>\nStufe 1E \/ Stufe 1S: Fachkundig unterwiesene Person<br \/>\nStufe 2E \/ Stufe 2S: Fachkundige Person<br \/>\nStufe 3E \/ Stufe 3S: Arbeiten unter Spannung<\/p>\n<\/div>\n<div id=\"faq-question-1746185790871\" class=\"schema-faq-section\"><strong class=\"schema-faq-question\"><strong>Ist eine j\u00e4hrliche Unterweisung f\u00fcr Hochvolt-Mitarbeiter erforderlich?<\/strong><\/strong><\/p>\n<p class=\"schema-faq-answer\">Ja, gem\u00e4\u00df DGUV Vorschrift 1 \u00a74 ist eine j\u00e4hrliche Sicherheitsunterweisung verpflichtend.<\/p>\n<\/div>\n<div id=\"faq-question-1746185822792\" class=\"schema-faq-section\"><strong class=\"schema-faq-question\"><strong>F\u00fcr wen bietet die TCS Schulungen an?<\/strong><\/strong><\/p>\n<p class=\"schema-faq-answer\">F\u00fcr alle Unternehmen und \u00f6ffentliche Einrichtungen, jedoch nicht f\u00fcr Privatpersonen. Als reiner B2B-Anbieter bieten wir Teils Onlineschulungen sowie Pr\u00e4senzschulungen Inhouse an.<\/p>\n<\/div>\n<div id=\"faq-question-1746185831754\" class=\"schema-faq-section\"><strong class=\"schema-faq-question\"><strong>Ab wie vielen Personen bietet die TCS Schulungen an?<\/strong><\/strong><\/p>\n<p class=\"schema-faq-answer\">In unserer Preisliste finden sie Schulungen zum Mindestpreis ab 4 Personen. Allerdings machen wir auch Wunsch auch Schulungen f\u00fcr kleinere Gruppen oder Einzeltrainings zum Preis bis zu vier Personen.<\/p>\n<\/div>\n<div id=\"faq-question-1746185852970\" class=\"schema-faq-section\"><strong class=\"schema-faq-question\"><strong>In welchen Sprachen werden HV-Schulungen angeboten?<\/strong><\/strong><\/p>\n<p class=\"schema-faq-answer\">Die TCS GmbH bietet alle Hochvolt-Schulungen in Deutsch und in Englisch anbieten. Bei anderen Sprachen haben wir gute Erfahrungen mit Dolmetschern im Training gemacht.<\/p>\n<\/div>\n<div id=\"faq-question-1746185904037\" class=\"schema-faq-section\"><strong class=\"schema-faq-question\"><strong>Welche Schulungen sind online umsetzbar?<\/strong><\/strong><\/p>\n<p class=\"schema-faq-answer\">Die Hochvoltschulungen nach Stufe 1S und Stufe 1E lassen sich gut online umsetzen. Bei der Stufe 2S und Stufe 2E lediglich partiell.<\/p>\n<\/div>\n<div id=\"faq-question-1746185914489\" class=\"schema-faq-section\"><strong class=\"schema-faq-question\"><strong>Bietet die TCS Schulungen Inhouse an?<\/strong><\/strong><\/p>\n<p class=\"schema-faq-answer\">Wir bieten unsere HV-Schulungen ausschlie\u00dflich Inhouse oder (bei Eignung) online an.<\/p>\n<\/div>\n<div id=\"faq-question-1746185934214\" class=\"schema-faq-section\"><strong class=\"schema-faq-question\"><strong>Was kostet eine Hochvoltschulung?<\/strong><\/strong><\/p>\n<p class=\"schema-faq-answer\">der TCS GmbH ist Preistransparenz sehr wichtig, daher ist die Preisliste \u00f6ffentlich einsehbar, unten \u00fcber &#8220;Preise&#8221; als pdf zum download.<\/p>\n<\/div>\n<div id=\"faq-question-1746185951597\" class=\"schema-faq-section\"><strong class=\"schema-faq-question\"><strong>Bieten die TCS auch Schulungen f\u00fcr VEFKs an?<\/strong><\/strong><\/p>\n<p class=\"schema-faq-answer\">Ja, sowohl Schulungen als auch Beratung f\u00fcr VEFKs wird von uns angeboten.<\/p>\n<\/div>\n<div id=\"faq-question-1746185973734\" class=\"schema-faq-section\"><strong class=\"schema-faq-question\"><strong>Bleibt die Hochvoltschulung dauerhaft g\u00fcltig oder muss diese in bestimmten Zeitabst\u00e4nden wiederholt werden?<\/strong><\/strong><\/p>\n<p class=\"schema-faq-answer\">Die Schulungen verfallen grunds\u00e4tzlich nicht. Allerdings ist f\u00fcr alle Hochvoltqualifizierungen eine j\u00e4hrliche Unterweisung erforderlich. Nat\u00fcrlich bieten wir diese ebenfalls an. Manche Kunden bzw. deren Auftraggeber fordern sogar eine j\u00e4hrliche Stufe 1E an.<\/p>\n<\/div>\n<\/div>\n","protected":false},"excerpt":{"rendered":"<p>FAQ Hochvolt Schulung Hier finden Sie die Frequently Asked Questions (FAQ) zu Hochvoltschulungen,  [&#8230;]<\/p>\n","protected":false},"author":5,"featured_media":0,"parent":0,"menu_order":0,"comment_status":"closed","ping_status":"closed","template":"","meta":{"footnotes":""},"class_list":["post-17732","page","type-page","status-publish","hentry"],"yoast_head":"<!-- This site is optimized with the Yoast SEO Premium plugin v26.9 (Yoast SEO v27.4) - https:\/\/yoast.com\/product\/yoast-seo-premium-wordpress\/ -->\n<title>FAQ (ev) high voltage training courses - requirements, levels &amp; safety<\/title>\n<meta name=\"description\" content=\"Answers to frequently asked questions about (ev) high voltage training, training levels and annual instruction in accordance with the DGUV.\" \/>\n<meta name=\"robots\" content=\"index, follow, max-snippet:-1, max-image-preview:large, max-video-preview:-1\" \/>\n<link rel=\"canonical\" href=\"https:\/\/www.tcs-engineering.de\/en\/faq-ev-high-voltage\/\" \/>\n<meta property=\"og:locale\" content=\"en_US\" \/>\n<meta property=\"og:type\" content=\"article\" \/>\n<meta property=\"og:title\" content=\"FAQ (ev) high voltage\" \/>\n<meta property=\"og:description\" content=\"Answers to frequently asked questions about (ev) high voltage training, training levels and annual instruction in accordance with the DGUV.\" \/>\n<meta property=\"og:url\" content=\"https:\/\/www.tcs-engineering.de\/en\/faq-ev-high-voltage\/\" \/>\n<meta property=\"og:site_name\" content=\"TCS-Engineering\" \/>\n<meta property=\"article:modified_time\" content=\"2025-06-10T14:34:45+00:00\" \/>\n<meta name=\"twitter:card\" content=\"summary_large_image\" \/>\n<meta name=\"twitter:label1\" content=\"Est. reading time\" \/>\n\t<meta name=\"twitter:data1\" content=\"4 minutes\" \/>\n<script type=\"application\/ld+json\" class=\"yoast-schema-graph\">{\"@context\":\"https:\\\/\\\/schema.org\",\"@graph\":[{\"@type\":\"WebPage\",\"@id\":\"https:\\\/\\\/www.tcs-engineering.de\\\/en\\\/faq-ev-high-voltage\\\/\",\"url\":\"https:\\\/\\\/www.tcs-engineering.de\\\/en\\\/faq-ev-high-voltage\\\/\",\"name\":\"FAQ (ev) high voltage training courses - requirements, levels & safety\",\"isPartOf\":{\"@id\":\"https:\\\/\\\/www.tcs-engineering.de\\\/en\\\/#website\"},\"datePublished\":\"2025-05-02T11:41:51+00:00\",\"dateModified\":\"2025-06-10T14:34:45+00:00\",\"description\":\"Answers to frequently asked questions about (ev) high voltage training, training levels and annual instruction in accordance with the DGUV.\",\"breadcrumb\":{\"@id\":\"https:\\\/\\\/www.tcs-engineering.de\\\/en\\\/faq-ev-high-voltage\\\/#breadcrumb\"},\"inLanguage\":\"en-US\",\"potentialAction\":[{\"@type\":\"ReadAction\",\"target\":[\"https:\\\/\\\/www.tcs-engineering.de\\\/en\\\/faq-ev-high-voltage\\\/\"]}]},{\"@type\":\"BreadcrumbList\",\"@id\":\"https:\\\/\\\/www.tcs-engineering.de\\\/en\\\/faq-ev-high-voltage\\\/#breadcrumb\",\"itemListElement\":[{\"@type\":\"ListItem\",\"position\":1,\"name\":\"Homepage\",\"item\":\"https:\\\/\\\/www.tcs-engineering.de\\\/en\\\/\"},{\"@type\":\"ListItem\",\"position\":2,\"name\":\"FAQ (ev) high voltage\"}]},{\"@type\":\"WebSite\",\"@id\":\"https:\\\/\\\/www.tcs-engineering.de\\\/en\\\/#website\",\"url\":\"https:\\\/\\\/www.tcs-engineering.de\\\/en\\\/\",\"name\":\"TCS-Engineering.de\",\"description\":\"\",\"publisher\":{\"@id\":\"https:\\\/\\\/www.tcs-engineering.de\\\/en\\\/#organization\"},\"potentialAction\":[{\"@type\":\"SearchAction\",\"target\":{\"@type\":\"EntryPoint\",\"urlTemplate\":\"https:\\\/\\\/www.tcs-engineering.de\\\/en\\\/?s={search_term_string}\"},\"query-input\":{\"@type\":\"PropertyValueSpecification\",\"valueRequired\":true,\"valueName\":\"search_term_string\"}}],\"inLanguage\":\"en-US\"},{\"@type\":\"Organization\",\"@id\":\"https:\\\/\\\/www.tcs-engineering.de\\\/en\\\/#organization\",\"name\":\"Technology Consulting Solutions GmbH\",\"url\":\"https:\\\/\\\/www.tcs-engineering.de\\\/en\\\/\",\"logo\":{\"@type\":\"ImageObject\",\"inLanguage\":\"en-US\",\"@id\":\"https:\\\/\\\/www.tcs-engineering.de\\\/en\\\/#\\\/schema\\\/logo\\\/image\\\/\",\"url\":\"https:\\\/\\\/www.tcs-engineering.de\\\/wp-content\\\/uploads\\\/tcs_blue_logo_orig.png\",\"contentUrl\":\"https:\\\/\\\/www.tcs-engineering.de\\\/wp-content\\\/uploads\\\/tcs_blue_logo_orig.png\",\"width\":1814,\"height\":1082,\"caption\":\"Technology Consulting Solutions GmbH\"},\"image\":{\"@id\":\"https:\\\/\\\/www.tcs-engineering.de\\\/en\\\/#\\\/schema\\\/logo\\\/image\\\/\"}}]}<\/script>\n<!-- \/ Yoast SEO Premium plugin. -->","yoast_head_json":{"title":"FAQ (ev) high voltage training courses - requirements, levels & safety","description":"Answers to frequently asked questions about (ev) high voltage training, training levels and annual instruction in accordance with the DGUV.","robots":{"index":"index","follow":"follow","max-snippet":"max-snippet:-1","max-image-preview":"max-image-preview:large","max-video-preview":"max-video-preview:-1"},"canonical":"https:\/\/www.tcs-engineering.de\/en\/faq-ev-high-voltage\/","og_locale":"en_US","og_type":"article","og_title":"FAQ (ev) high voltage","og_description":"Answers to frequently asked questions about (ev) high voltage training, training levels and annual instruction in accordance with the DGUV.","og_url":"https:\/\/www.tcs-engineering.de\/en\/faq-ev-high-voltage\/","og_site_name":"TCS-Engineering","article_modified_time":"2025-06-10T14:34:45+00:00","twitter_card":"summary_large_image","twitter_misc":{"Est. reading time":"4 minutes"},"schema":{"@context":"https:\/\/schema.org","@graph":[{"@type":"WebPage","@id":"https:\/\/www.tcs-engineering.de\/en\/faq-ev-high-voltage\/","url":"https:\/\/www.tcs-engineering.de\/en\/faq-ev-high-voltage\/","name":"FAQ (ev) high voltage training courses - requirements, levels & safety","isPartOf":{"@id":"https:\/\/www.tcs-engineering.de\/en\/#website"},"datePublished":"2025-05-02T11:41:51+00:00","dateModified":"2025-06-10T14:34:45+00:00","description":"Answers to frequently asked questions about (ev) high voltage training, training levels and annual instruction in accordance with the DGUV.","breadcrumb":{"@id":"https:\/\/www.tcs-engineering.de\/en\/faq-ev-high-voltage\/#breadcrumb"},"inLanguage":"en-US","potentialAction":[{"@type":"ReadAction","target":["https:\/\/www.tcs-engineering.de\/en\/faq-ev-high-voltage\/"]}]},{"@type":"BreadcrumbList","@id":"https:\/\/www.tcs-engineering.de\/en\/faq-ev-high-voltage\/#breadcrumb","itemListElement":[{"@type":"ListItem","position":1,"name":"Homepage","item":"https:\/\/www.tcs-engineering.de\/en\/"},{"@type":"ListItem","position":2,"name":"FAQ (ev) high voltage"}]},{"@type":"WebSite","@id":"https:\/\/www.tcs-engineering.de\/en\/#website","url":"https:\/\/www.tcs-engineering.de\/en\/","name":"TCS-Engineering.de","description":"","publisher":{"@id":"https:\/\/www.tcs-engineering.de\/en\/#organization"},"potentialAction":[{"@type":"SearchAction","target":{"@type":"EntryPoint","urlTemplate":"https:\/\/www.tcs-engineering.de\/en\/?s={search_term_string}"},"query-input":{"@type":"PropertyValueSpecification","valueRequired":true,"valueName":"search_term_string"}}],"inLanguage":"en-US"},{"@type":"Organization","@id":"https:\/\/www.tcs-engineering.de\/en\/#organization","name":"Technology Consulting Solutions GmbH","url":"https:\/\/www.tcs-engineering.de\/en\/","logo":{"@type":"ImageObject","inLanguage":"en-US","@id":"https:\/\/www.tcs-engineering.de\/en\/#\/schema\/logo\/image\/","url":"https:\/\/www.tcs-engineering.de\/wp-content\/uploads\/tcs_blue_logo_orig.png","contentUrl":"https:\/\/www.tcs-engineering.de\/wp-content\/uploads\/tcs_blue_logo_orig.png","width":1814,"height":1082,"caption":"Technology Consulting Solutions GmbH"},"image":{"@id":"https:\/\/www.tcs-engineering.de\/en\/#\/schema\/logo\/image\/"}}]}},"_links":{"self":[{"href":"https:\/\/www.tcs-engineering.de\/en\/wp-json\/wp\/v2\/pages\/17732","targetHints":{"allow":["GET"]}}],"collection":[{"href":"https:\/\/www.tcs-engineering.de\/en\/wp-json\/wp\/v2\/pages"}],"about":[{"href":"https:\/\/www.tcs-engineering.de\/en\/wp-json\/wp\/v2\/types\/page"}],"author":[{"embeddable":true,"href":"https:\/\/www.tcs-engineering.de\/en\/wp-json\/wp\/v2\/users\/5"}],"replies":[{"embeddable":true,"href":"https:\/\/www.tcs-engineering.de\/en\/wp-json\/wp\/v2\/comments?post=17732"}],"version-history":[{"count":1,"href":"https:\/\/www.tcs-engineering.de\/en\/wp-json\/wp\/v2\/pages\/17732\/revisions"}],"predecessor-version":[{"id":17733,"href":"https:\/\/www.tcs-engineering.de\/en\/wp-json\/wp\/v2\/pages\/17732\/revisions\/17733"}],"wp:attachment":[{"href":"https:\/\/www.tcs-engineering.de\/en\/wp-json\/wp\/v2\/media?parent=17732"}],"curies":[{"name":"wp","href":"https:\/\/api.w.org\/{rel}","templated":true}]}}